{"id":1228,"date":"2024-12-17T15:43:15","date_gmt":"2024-12-17T15:43:15","guid":{"rendered":"https:\/\/abritopcanada.com\/contact\/"},"modified":"2025-12-11T15:18:14","modified_gmt":"2025-12-11T15:18:14","slug":"contact","status":"publish","type":"page","link":"https:\/\/abritopcanada.com\/en\/contact\/","title":{"rendered":"Contact"},"content":{"rendered":"<p>[et_pb_section fb_built=&#8221;1&#8243; custom_padding_last_edited=&#8221;off|desktop&#8221; _builder_version=&#8221;4.27.4&#8243; _module_preset=&#8221;default&#8221; use_background_color_gradient=&#8221;on&#8221; background_color_gradient_direction=&#8221;90deg&#8221; background_color_gradient_stops=&#8221;rgba(28,36,75,0.74) 0%|rgba(255,255,255,0.37) 100%&#8221; background_color_gradient_overlays_image=&#8221;on&#8221; background_color_gradient_start=&#8221;rgba(255,255,255,0.61)&#8221; background_color_gradient_end=&#8221;rgba(255,255,255,0.37)&#8221; background_image=&#8221;https:\/\/abritopcanada.com\/wp-content\/uploads\/2025\/03\/gazebo.jpg&#8221; custom_padding=&#8221;100px|50px|100px|50px|true|true&#8221; custom_padding_tablet=&#8221;50px||50px||false|true&#8221; hover_enabled=&#8221;0&#8243; global_colors_info=&#8221;{}&#8221; sticky_enabled=&#8221;0&#8243; parallax=&#8221;on&#8221; parallax_method=&#8221;off&#8221;][et_pb_row _builder_version=&#8221;4.27.4&#8243; _module_preset=&#8221;default&#8221; width=&#8221;100%&#8221; global_colors_info=&#8221;{}&#8221;][et_pb_column type=&#8221;4_4&#8243; _builder_version=&#8221;4.16&#8243; _module_preset=&#8221;default&#8221; global_colors_info=&#8221;{}&#8221;][et_pb_text _builder_version=&#8221;4.27.4&#8243; _module_preset=&#8221;default&#8221; header_font=&#8221;Montserrat|600||on|||||&#8221; header_text_align=&#8221;left&#8221; header_text_color=&#8221;#1c244b&#8221; header_font_size=&#8221;50px&#8221; header_font_size_tablet=&#8221;&#8221; header_font_size_phone=&#8221;35px&#8221; header_font_size_last_edited=&#8221;on|phone&#8221; global_colors_info=&#8221;{}&#8221;]<\/p>\n<h1><span style=\"color: #ffffff;\">Contactez-nous<\/span><\/h1>\n<p>[\/et_pb_text][et_pb_text _builder_version=&#8221;4.27.4&#8243; _module_preset=&#8221;default&#8221; header_font=&#8221;Montserrat|600||on|||||&#8221; header_text_align=&#8221;left&#8221; header_text_color=&#8221;#1c244b&#8221; header_font_size=&#8221;40px&#8221; header_2_font=&#8221;Montserrat|||on|||||&#8221; header_2_text_color=&#8221;#000000&#8243; header_2_font_size=&#8221;35px&#8221; header_3_font=&#8221;Montserrat||||||||&#8221; header_2_font_size_tablet=&#8221;&#8221; header_2_font_size_phone=&#8221;25px&#8221; header_2_font_size_last_edited=&#8221;on|phone&#8221; global_colors_info=&#8221;{}&#8221;][\/et_pb_text][et_pb_text _builder_version=&#8221;4.27.4&#8243; _module_preset=&#8221;default&#8221; text_font=&#8221;|600|||||||&#8221; text_text_color=&#8221;#1c244b&#8221; text_font_size=&#8221;17px&#8221; text_line_height=&#8221;1.8em&#8221; header_font=&#8221;|600||on|||||&#8221; header_text_align=&#8221;left&#8221; header_text_color=&#8221;#1c244b&#8221; header_font_size=&#8221;40px&#8221; text_font_size_tablet=&#8221;&#8221; text_font_size_phone=&#8221;16px&#8221; text_font_size_last_edited=&#8221;on|phone&#8221; global_colors_info=&#8221;{}&#8221;]<\/p>\n<p><span style=\"color: #ffffff;\">N\u2019h\u00e9sitez pas de nous \u00e9crire ou nous appeller pour toutes informations Pour tout vos projets en toile sur mesure ou moustiquaire<\/span><\/p>\n<p>[\/et_pb_text][\/et_pb_column][\/et_pb_row][\/et_pb_section][et_pb_section fb_built=&#8221;1&#8243; custom_padding_last_edited=&#8221;off|desktop&#8221; _builder_version=&#8221;4.27.4&#8243; _module_preset=&#8221;default&#8221; custom_padding=&#8221;|50px||50px|false|true&#8221; custom_padding_phone=&#8221;|10px||10px|false|true&#8221; locked=&#8221;off&#8221; global_colors_info=&#8221;{}&#8221;][et_pb_row column_structure=&#8221;1_2,1_2&#8243; _builder_version=&#8221;4.27.4&#8243; _module_preset=&#8221;default&#8221; width=&#8221;100%&#8221; global_colors_info=&#8221;{}&#8221;][et_pb_column type=&#8221;1_2&#8243; _builder_version=&#8221;4.16&#8243; _module_preset=&#8221;default&#8221; border_color_right=&#8221;#d7d7d7&#8243; global_colors_info=&#8221;{}&#8221;][et_pb_text _builder_version=&#8221;4.16&#8243; _module_preset=&#8221;default&#8221; header_2_font=&#8221;Montserrat|||on|||||&#8221; header_2_text_align=&#8221;left&#8221; header_2_text_color=&#8221;#1c244b&#8221; header_2_font_size=&#8221;35px&#8221; header_2_font_size_tablet=&#8221;&#8221; header_2_font_size_phone=&#8221;23px&#8221; header_2_font_size_last_edited=&#8221;on|phone&#8221; locked=&#8221;off&#8221; global_colors_info=&#8221;{}&#8221;]<\/p>\n<h2>Coordonn\u00e9es<\/h2>\n<p>[\/et_pb_text][et_pb_blurb title=&#8221;Adresse&#8221; use_icon=&#8221;on&#8221; font_icon=&#8221;&#xe081;||divi||400&#8243; icon_color=&#8221;#1c244b&#8221; icon_placement=&#8221;left&#8221; _builder_version=&#8221;4.16&#8243; _module_preset=&#8221;default&#8221; header_text_align=&#8221;left&#8221; header_text_color=&#8221;#1c244b&#8221; header_font_size=&#8221;21px&#8221; body_font=&#8221;||||||||&#8221; body_font_size=&#8221;15px&#8221; global_colors_info=&#8221;{}&#8221;]9697 Boul. Saint-Laurent, Local 302, Montr\u00e9al H3L2N1 (Qu\u00e9bec)[\/et_pb_blurb][et_pb_blurb title=&#8221;Courriel&#8221; use_icon=&#8221;on&#8221; font_icon=&#8221;&#xe076;||divi||400&#8243; icon_color=&#8221;#1c244b&#8221; icon_placement=&#8221;left&#8221; _builder_version=&#8221;4.27.4&#8243; _module_preset=&#8221;default&#8221; header_text_align=&#8221;left&#8221; header_text_color=&#8221;#1c244b&#8221; header_font_size=&#8221;21px&#8221; body_font_size=&#8221;16px&#8221; hover_enabled=&#8221;0&#8243; global_colors_info=&#8221;{}&#8221; sticky_enabled=&#8221;0&#8243;]<\/p>\n<p><a href=\"mailto: info@abritopcanada.ca\" class=\"clr-link-cnt\"> info@abritopcanada.ca<\/a><\/p>\n<p>[\/et_pb_blurb][et_pb_blurb title=&#8221;T\u00e9l\u00e9phone&#8221; use_icon=&#8221;on&#8221; font_icon=&#8221;&#xe090;||divi||400&#8243; icon_color=&#8221;#1c244b&#8221; icon_placement=&#8221;left&#8221; _builder_version=&#8221;4.16&#8243; _module_preset=&#8221;default&#8221; header_text_align=&#8221;left&#8221; header_text_color=&#8221;#1c244b&#8221; header_font_size=&#8221;21px&#8221; body_font_size=&#8221;16px&#8221; global_colors_info=&#8221;{}&#8221;]<a href=\"tel: 514-607-3434\" class=\"clr-link-cnt\"> 514-607-3434<\/a>[\/et_pb_blurb][et_pb_blurb title=&#8221;Horaires&#8221; use_icon=&#8221;on&#8221; font_icon=&#8221;&#x7d;||divi||400&#8243; icon_color=&#8221;#1c244b&#8221; icon_placement=&#8221;left&#8221; _builder_version=&#8221;4.27.4&#8243; _module_preset=&#8221;default&#8221; header_text_align=&#8221;left&#8221; header_text_color=&#8221;#1c244b&#8221; header_font_size=&#8221;21px&#8221; body_font_size=&#8221;16px&#8221; hover_enabled=&#8221;0&#8243; global_colors_info=&#8221;{}&#8221; custom_padding=&#8221;||1px|||&#8221; sticky_enabled=&#8221;0&#8243;]<\/p>\n<p>Lundi au vendredi: 9h00 \u00e0 17h00<br \/>Samedi: 9h30 \u00e0 13h30<\/p>\n<p><strong>Visites sur rendez-vous<\/strong><\/p>\n<p>[\/et_pb_blurb][\/et_pb_column][et_pb_column type=&#8221;1_2&#8243; _builder_version=&#8221;4.16&#8243; _module_preset=&#8221;default&#8221; custom_padding=&#8221;|||50px|false|false&#8221; custom_padding_tablet=&#8221;|||0px|false|false&#8221; custom_padding_phone=&#8221;&#8221; custom_padding_last_edited=&#8221;on|tablet&#8221; border_width_left=&#8221;2px&#8221; border_color_left=&#8221;#d7d7d7&#8243; border_width_left_tablet=&#8221;0px&#8221; border_width_left_phone=&#8221;&#8221; border_width_left_last_edited=&#8221;on|tablet&#8221; global_colors_info=&#8221;{}&#8221;][et_pb_text _builder_version=&#8221;4.16&#8243; _module_preset=&#8221;default&#8221; header_2_font=&#8221;Montserrat|||on|||||&#8221; header_2_text_align=&#8221;left&#8221; header_2_text_color=&#8221;#1c244b&#8221; header_2_font_size=&#8221;35px&#8221; header_2_font_size_tablet=&#8221;&#8221; header_2_font_size_phone=&#8221;23px&#8221; header_2_font_size_last_edited=&#8221;on|phone&#8221; locked=&#8221;off&#8221; global_colors_info=&#8221;{}&#8221;]<\/p>\n<h2>Formulaire<\/h2>\n<p>[\/et_pb_text][et_pb_text _builder_version=&#8221;4.16&#8243; _module_preset=&#8221;default&#8221; header_2_font=&#8221;Montserrat|||on|||||&#8221; header_2_text_align=&#8221;left&#8221; header_2_text_color=&#8221;#1c244b&#8221; header_2_font_size=&#8221;35px&#8221; locked=&#8221;off&#8221; global_colors_info=&#8221;{}&#8221;]Veuillez remplir le formulaire de contact. On vous r\u00e9pondra dans un bref d\u00e9lais, Merci ![\/et_pb_text][et_pb_code _builder_version=&#8221;4.16&#8243; _module_preset=&#8221;default&#8221; global_colors_info=&#8221;{}&#8221;]\n<div class=\"wpcf7 no-js\" id=\"wpcf7-f1231-o1\" lang=\"en-US\" dir=\"ltr\" data-wpcf7-id=\"1231\">\n<div class=\"screen-reader-response\"><p role=\"status\" aria-live=\"polite\" aria-atomic=\"true\"><\/p> <ul><\/ul><\/div>\n<form action=\"\/en\/wp-json\/wp\/v2\/pages\/1228#wpcf7-f1231-o1\" method=\"post\" class=\"wpcf7-form init\" aria-label=\"Contact form\" novalidate=\"novalidate\" data-status=\"init\">\n<fieldset class=\"hidden-fields-container\"><input type=\"hidden\" name=\"_wpcf7\" value=\"1231\" \/><input type=\"hidden\" name=\"_wpcf7_version\" value=\"6.1.5\" \/><input type=\"hidden\" name=\"_wpcf7_locale\" value=\"en_US\" \/><input type=\"hidden\" name=\"_wpcf7_unit_tag\" value=\"wpcf7-f1231-o1\" \/><input type=\"hidden\" name=\"_wpcf7_container_post\" value=\"0\" \/><input type=\"hidden\" name=\"_wpcf7_posted_data_hash\" value=\"\" \/>\n<\/fieldset>\n<p><label class=\"filed-text\"><span class=\"wpcf7-form-control-wrap\" data-name=\"text\"><input size=\"40\" maxlength=\"400\" class=\"wpcf7-form-control wpcf7-text wpcf7-validates-as-required\" aria-required=\"true\" aria-invalid=\"false\" placeholder=\"Name\" value=\"\" type=\"text\" name=\"text\" \/><\/span><\/label>\n<\/p>\n<p><label class=\"filed-text\"><span class=\"wpcf7-form-control-wrap\" data-name=\"email\"><input size=\"40\" maxlength=\"400\" class=\"wpcf7-form-control wpcf7-email wpcf7-validates-as-required wpcf7-text wpcf7-validates-as-email\" aria-required=\"true\" aria-invalid=\"false\" placeholder=\"Email\" value=\"\" type=\"email\" name=\"email\" \/><\/span><\/label>\n<\/p>\n<p><label class=\"filed-text\"><span class=\"wpcf7-form-control-wrap\" data-name=\"tel\"><input size=\"40\" maxlength=\"400\" class=\"wpcf7-form-control wpcf7-tel wpcf7-validates-as-required wpcf7-text wpcf7-validates-as-tel\" aria-required=\"true\" aria-invalid=\"false\" placeholder=\"Phone\" value=\"\" type=\"tel\" name=\"tel\" \/><\/span><\/label>\n<\/p>\n<p><label class=\"filed-text\"><span class=\"wpcf7-form-control-wrap\" data-name=\"text-prod\"><input size=\"40\" maxlength=\"400\" class=\"wpcf7-form-control wpcf7-text wpcf7-validates-as-required\" aria-required=\"true\" aria-invalid=\"false\" placeholder=\"Product of interest\" value=\"\" type=\"text\" name=\"text-prod\" \/><\/span><\/label>\n<\/p>\n<p><label class=\"filed-area\"><span class=\"wpcf7-form-control-wrap\" data-name=\"textarea\"><textarea cols=\"40\" rows=\"10\" maxlength=\"2000\" class=\"wpcf7-form-control wpcf7-textarea\" aria-invalid=\"false\" placeholder=\"Message\" name=\"textarea\"><\/textarea><\/span><\/label>\n<\/p>\n<div class=\"btn-cnt\">\n\t<p><input class=\"wpcf7-form-control wpcf7-submit has-spinner\" type=\"submit\" value=\"Send\" \/>\n\t<\/p>\n<\/div><div class=\"wpcf7-response-output\" aria-hidden=\"true\"><\/div>\n<\/form>\n<\/div>\n[\/et_pb_code][\/et_pb_column][\/et_pb_row][\/et_pb_section][et_pb_section fb_built=&#8221;1&#8243; disabled_on=&#8221;off|off|off&#8221; _builder_version=&#8221;4.16&#8243; _module_preset=&#8221;default&#8221; custom_padding=&#8221;0px|0px|0px|0px|true|true&#8221; global_colors_info=&#8221;{}&#8221;][et_pb_row _builder_version=&#8221;4.16&#8243; _module_preset=&#8221;default&#8221; width=&#8221;100%&#8221; max_width=&#8221;100%&#8221; custom_padding=&#8221;0px|0px|0px|0px|true|true&#8221; global_colors_info=&#8221;{}&#8221;][et_pb_column type=&#8221;4_4&#8243; _builder_version=&#8221;4.16&#8243; _module_preset=&#8221;default&#8221; global_colors_info=&#8221;{}&#8221;][et_pb_code _builder_version=&#8221;4.16&#8243; _module_preset=&#8221;default&#8221; custom_margin=&#8221;||-7px||false|false&#8221; custom_padding=&#8221;||0px||false|false&#8221; global_colors_info=&#8221;{}&#8221;]<iframe <!-- [et_pb_line_break_holder] --> src=&#8221;https:\/\/www.google.com\/maps\/embed?pb=!1m14!1m8!1m3!1d22353.60481063901!2d-73.656826!3d45.54629!3m2!1i1024!2i768!4f13.1!3m3!1m2!1s0x4cc9191522b6019d%3A0x8ef318cf32656580!2sAbritop%20Canada!5e0!3m2!1sfr!2sca!4v1734538833030!5m2!1sfr!2sca&#8221; width=&#8221;100%&#8221; <!-- [et_pb_line_break_holder] -->    height=&#8221;400&#8243; <!-- [et_pb_line_break_holder] -->    style=&#8221;border:0;&#8221; <!-- [et_pb_line_break_holder] -->    allowfullscreen=&#8221;&#8221; <!-- [et_pb_line_break_holder] -->    loading=&#8221;lazy&#8221; <!-- [et_pb_line_break_holder] -->    referrerpolicy=&#8221;no-referrer-when-downgrade&#8221;><!-- [et_pb_line_break_holder] --><\/iframe><!-- [et_pb_line_break_holder] -->[\/et_pb_code][\/et_pb_column][\/et_pb_row][\/et_pb_section]<\/p>\n","protected":false},"excerpt":{"rendered":"<p>Contactez-nousN\u2019h\u00e9sitez pas de nous \u00e9crire ou nous appeller pour toutes informations Pour tout vos projets en toile sur mesure ou moustiquaireCoordonn\u00e9es9697 Boul. Saint-Laurent, Local 302, Montr\u00e9al H3L2N1 (Qu\u00e9bec) info@abritopcanada.ca 514-607-3434Lundi au vendredi: 9h00 \u00e0 17h00Samedi: 9h30 \u00e0 13h30 Visites sur rendez-vousFormulaireVeuillez remplir le formulaire de contact. On vous r\u00e9pondra dans un bref d\u00e9lais, Merci !<p class=\"wpcf7-contact-form-not-found\"><strong>Error:<\/strong> Contact form not found.<\/p><\/p>\n","protected":false},"author":1,"featured_media":0,"parent":0,"menu_order":0,"comment_status":"closed","ping_status":"closed","template":"","meta":{"_et_pb_use_builder":"on","_et_pb_old_content":"","_et_gb_content_width":"","footnotes":""},"class_list":["post-1228","page","type-page","status-publish","hentry"],"yoast_head":"<!-- This site is optimized with the Yoast SEO plugin v27.3 - https:\/\/yoast.com\/product\/yoast-seo-wordpress\/ -->\n<title>Contact - Toiles, auvents, moustiquaires sur mesure &amp; remplacement - Abritop<\/title>\n<meta name=\"robots\" content=\"index, follow, max-snippet:-1, max-image-preview:large, max-video-preview:-1\" \/>\n<link rel=\"canonical\" href=\"https:\/\/abritopcanada.com\/en\/contact\/\" \/>\n<meta property=\"og:locale\" content=\"en_US\" \/>\n<meta property=\"og:type\" content=\"article\" \/>\n<meta property=\"og:title\" content=\"Contact - Toiles, auvents, moustiquaires sur mesure &amp; remplacement - Abritop\" \/>\n<meta property=\"og:url\" content=\"https:\/\/abritopcanada.com\/en\/contact\/\" \/>\n<meta property=\"og:site_name\" content=\"Toiles, auvents, moustiquaires sur mesure &amp; remplacement - Abritop\" \/>\n<meta property=\"article:modified_time\" content=\"2025-12-11T15:18:14+00:00\" \/>\n<meta property=\"og:image\" content=\"https:\/\/abritopcanada.com\/wp-content\/uploads\/2025\/01\/Logo_2025_.jpg\" \/>\n\t<meta property=\"og:image:width\" content=\"570\" \/>\n\t<meta property=\"og:image:height\" content=\"360\" \/>\n\t<meta property=\"og:image:type\" content=\"image\/jpeg\" \/>\n<meta name=\"twitter:card\" content=\"summary_large_image\" \/>\n<meta name=\"twitter:label1\" content=\"Est. reading time\" \/>\n\t<meta name=\"twitter:data1\" content=\"5 minutes\" \/>\n<script type=\"application\/ld+json\" class=\"yoast-schema-graph\">{\"@context\":\"https:\\\/\\\/schema.org\",\"@graph\":[{\"@type\":\"WebPage\",\"@id\":\"https:\\\/\\\/abritopcanada.com\\\/en\\\/contact\\\/\",\"url\":\"https:\\\/\\\/abritopcanada.com\\\/en\\\/contact\\\/\",\"name\":\"Contact - Toiles, auvents, moustiquaires sur mesure &amp; remplacement - Abritop\",\"isPartOf\":{\"@id\":\"https:\\\/\\\/abritopcanada.com\\\/en\\\/#website\"},\"datePublished\":\"2024-12-17T15:43:15+00:00\",\"dateModified\":\"2025-12-11T15:18:14+00:00\",\"breadcrumb\":{\"@id\":\"https:\\\/\\\/abritopcanada.com\\\/en\\\/contact\\\/#breadcrumb\"},\"inLanguage\":\"en-US\",\"potentialAction\":[{\"@type\":\"ReadAction\",\"target\":[\"https:\\\/\\\/abritopcanada.com\\\/en\\\/contact\\\/\"]}]},{\"@type\":\"BreadcrumbList\",\"@id\":\"https:\\\/\\\/abritopcanada.com\\\/en\\\/contact\\\/#breadcrumb\",\"itemListElement\":[{\"@type\":\"ListItem\",\"position\":1,\"name\":\"Home\",\"item\":\"https:\\\/\\\/abritopcanada.com\\\/en\\\/\"},{\"@type\":\"ListItem\",\"position\":2,\"name\":\"Contact\"}]},{\"@type\":\"WebSite\",\"@id\":\"https:\\\/\\\/abritopcanada.com\\\/en\\\/#website\",\"url\":\"https:\\\/\\\/abritopcanada.com\\\/en\\\/\",\"name\":\"Toiles et moustiquaires sur mesure & remplacement - Abritop\",\"description\":\"Toiles, auvents, moustiquaires sur mesure &amp; remplacement - Abritop\",\"publisher\":{\"@id\":\"https:\\\/\\\/abritopcanada.com\\\/en\\\/#organization\"},\"alternateName\":\"Gazebos, balcons, terrasses \u2013 Toiles r\u00e9sistantes et sur mesure\",\"potentialAction\":[{\"@type\":\"SearchAction\",\"target\":{\"@type\":\"EntryPoint\",\"urlTemplate\":\"https:\\\/\\\/abritopcanada.com\\\/en\\\/?s={search_term_string}\"},\"query-input\":{\"@type\":\"PropertyValueSpecification\",\"valueRequired\":true,\"valueName\":\"search_term_string\"}}],\"inLanguage\":\"en-US\"},{\"@type\":\"Organization\",\"@id\":\"https:\\\/\\\/abritopcanada.com\\\/en\\\/#organization\",\"name\":\"Gazebos, balcons, terrasses \u2013 Toiles r\u00e9sistantes et sur mesure Abritop\",\"alternateName\":\"Toiles, auvents, moustiquaires sur mesure & remplacement - Abritop\",\"url\":\"https:\\\/\\\/abritopcanada.com\\\/en\\\/\",\"logo\":{\"@type\":\"ImageObject\",\"inLanguage\":\"en-US\",\"@id\":\"https:\\\/\\\/abritopcanada.com\\\/en\\\/#\\\/schema\\\/logo\\\/image\\\/\",\"url\":\"https:\\\/\\\/abritopcanada.com\\\/wp-content\\\/uploads\\\/2025\\\/01\\\/Logo_2025_.jpg\",\"contentUrl\":\"https:\\\/\\\/abritopcanada.com\\\/wp-content\\\/uploads\\\/2025\\\/01\\\/Logo_2025_.jpg\",\"width\":570,\"height\":360,\"caption\":\"Gazebos, balcons, terrasses \u2013 Toiles r\u00e9sistantes et sur mesure Abritop\"},\"image\":{\"@id\":\"https:\\\/\\\/abritopcanada.com\\\/en\\\/#\\\/schema\\\/logo\\\/image\\\/\"}}]}<\/script>\n<!-- \/ Yoast SEO plugin. -->","yoast_head_json":{"title":"Contact - Toiles, auvents, moustiquaires sur mesure &amp; remplacement - Abritop","robots":{"index":"index","follow":"follow","max-snippet":"max-snippet:-1","max-image-preview":"max-image-preview:large","max-video-preview":"max-video-preview:-1"},"canonical":"https:\/\/abritopcanada.com\/en\/contact\/","og_locale":"en_US","og_type":"article","og_title":"Contact - Toiles, auvents, moustiquaires sur mesure &amp; remplacement - Abritop","og_url":"https:\/\/abritopcanada.com\/en\/contact\/","og_site_name":"Toiles, auvents, moustiquaires sur mesure &amp; remplacement - Abritop","article_modified_time":"2025-12-11T15:18:14+00:00","og_image":[{"width":570,"height":360,"url":"https:\/\/abritopcanada.com\/wp-content\/uploads\/2025\/01\/Logo_2025_.jpg","type":"image\/jpeg"}],"twitter_card":"summary_large_image","twitter_misc":{"Est. reading time":"5 minutes"},"schema":{"@context":"https:\/\/schema.org","@graph":[{"@type":"WebPage","@id":"https:\/\/abritopcanada.com\/en\/contact\/","url":"https:\/\/abritopcanada.com\/en\/contact\/","name":"Contact - Toiles, auvents, moustiquaires sur mesure &amp; remplacement - Abritop","isPartOf":{"@id":"https:\/\/abritopcanada.com\/en\/#website"},"datePublished":"2024-12-17T15:43:15+00:00","dateModified":"2025-12-11T15:18:14+00:00","breadcrumb":{"@id":"https:\/\/abritopcanada.com\/en\/contact\/#breadcrumb"},"inLanguage":"en-US","potentialAction":[{"@type":"ReadAction","target":["https:\/\/abritopcanada.com\/en\/contact\/"]}]},{"@type":"BreadcrumbList","@id":"https:\/\/abritopcanada.com\/en\/contact\/#breadcrumb","itemListElement":[{"@type":"ListItem","position":1,"name":"Home","item":"https:\/\/abritopcanada.com\/en\/"},{"@type":"ListItem","position":2,"name":"Contact"}]},{"@type":"WebSite","@id":"https:\/\/abritopcanada.com\/en\/#website","url":"https:\/\/abritopcanada.com\/en\/","name":"Toiles et moustiquaires sur mesure & remplacement - Abritop","description":"Toiles, auvents, moustiquaires sur mesure &amp; remplacement - Abritop","publisher":{"@id":"https:\/\/abritopcanada.com\/en\/#organization"},"alternateName":"Gazebos, balcons, terrasses \u2013 Toiles r\u00e9sistantes et sur mesure","potentialAction":[{"@type":"SearchAction","target":{"@type":"EntryPoint","urlTemplate":"https:\/\/abritopcanada.com\/en\/?s={search_term_string}"},"query-input":{"@type":"PropertyValueSpecification","valueRequired":true,"valueName":"search_term_string"}}],"inLanguage":"en-US"},{"@type":"Organization","@id":"https:\/\/abritopcanada.com\/en\/#organization","name":"Gazebos, balcons, terrasses \u2013 Toiles r\u00e9sistantes et sur mesure Abritop","alternateName":"Toiles, auvents, moustiquaires sur mesure & remplacement - Abritop","url":"https:\/\/abritopcanada.com\/en\/","logo":{"@type":"ImageObject","inLanguage":"en-US","@id":"https:\/\/abritopcanada.com\/en\/#\/schema\/logo\/image\/","url":"https:\/\/abritopcanada.com\/wp-content\/uploads\/2025\/01\/Logo_2025_.jpg","contentUrl":"https:\/\/abritopcanada.com\/wp-content\/uploads\/2025\/01\/Logo_2025_.jpg","width":570,"height":360,"caption":"Gazebos, balcons, terrasses \u2013 Toiles r\u00e9sistantes et sur mesure Abritop"},"image":{"@id":"https:\/\/abritopcanada.com\/en\/#\/schema\/logo\/image\/"}}]}},"_links":{"self":[{"href":"https:\/\/abritopcanada.com\/en\/wp-json\/wp\/v2\/pages\/1228","targetHints":{"allow":["GET"]}}],"collection":[{"href":"https:\/\/abritopcanada.com\/en\/wp-json\/wp\/v2\/pages"}],"about":[{"href":"https:\/\/abritopcanada.com\/en\/wp-json\/wp\/v2\/types\/page"}],"author":[{"embeddable":true,"href":"https:\/\/abritopcanada.com\/en\/wp-json\/wp\/v2\/users\/1"}],"replies":[{"embeddable":true,"href":"https:\/\/abritopcanada.com\/en\/wp-json\/wp\/v2\/comments?post=1228"}],"version-history":[{"count":1,"href":"https:\/\/abritopcanada.com\/en\/wp-json\/wp\/v2\/pages\/1228\/revisions"}],"predecessor-version":[{"id":1230,"href":"https:\/\/abritopcanada.com\/en\/wp-json\/wp\/v2\/pages\/1228\/revisions\/1230"}],"wp:attachment":[{"href":"https:\/\/abritopcanada.com\/en\/wp-json\/wp\/v2\/media?parent=1228"}],"curies":[{"name":"wp","href":"https:\/\/api.w.org\/{rel}","templated":true}]}}